{"id":478,"date":"2020-09-21T09:49:17","date_gmt":"2020-09-21T09:49:17","guid":{"rendered":"https:\/\/bardinn.is\/?page_id=478"},"modified":"2025-03-18T11:22:14","modified_gmt":"2025-03-18T11:22:14","slug":"smurthjonusta","status":"publish","type":"page","link":"http:\/\/bardinn.is\/?page_id=478","title":{"rendered":"Smur\u00fej\u00f3nusta"},"content":{"rendered":"<p>[et_pb_section fb_built=&#8221;1&#8243; _builder_version=&#8221;4.16&#8243; _module_preset=&#8221;default&#8221; min_height=&#8221;193px&#8221; custom_margin=&#8221;||-119px|||&#8221; global_colors_info=&#8221;{}&#8221;][\/et_pb_section][et_pb_section fb_built=&#8221;1&#8243; fullwidth=&#8221;on&#8221; _builder_version=&#8221;4.16&#8243; _module_preset=&#8221;default&#8221; global_colors_info=&#8221;{}&#8221;][et_pb_fullwidth_header title=&#8221;Smur\u00fej\u00f3nusta&#8221; button_one_text=&#8221;Ver\u00f0&#8221; button_one_url=&#8221;#verd&#8221; _builder_version=&#8221;4.16&#8243; _module_preset=&#8221;default&#8221; title_font=&#8221;|800|||||||&#8221; title_text_color=&#8221;#041e42&#8243; background_color=&#8221;#f5f6f8&#8243; custom_button_one=&#8221;on&#8221; button_one_text_color=&#8221;#ffffff&#8221; button_one_bg_color=&#8221;#d22329&#8243; button_one_border_color=&#8221;RGBA(255,255,255,0)&#8221; custom_padding=&#8221;88px|||||&#8221; global_colors_info=&#8221;{}&#8221;]<\/p>\n<p><span>Verkst\u00e6\u00f0i Bar\u00f0anum bj\u00f3\u00f0a upp \u00e1 vanda\u00f0a smur\u00fej\u00f3nustu og v\u00f6rur fr\u00e1 vi\u00f0urkenndum a\u00f0ilum.<\/span><\/p>\n<p><span>Vi\u00f0 smyrjum allar tegundir b\u00edla \u00e1 hagst\u00e6\u00f0um ver\u00f0um.<\/span><\/p>\n<p>[\/et_pb_fullwidth_header][\/et_pb_section][et_pb_section fb_built=&#8221;1&#8243; _builder_version=&#8221;4.16&#8243; _module_preset=&#8221;default&#8221; background_image=&#8221;https:\/\/bardinn.is\/wp-content\/uploads\/2021\/08\/SOLNING-SAHARA-SIGGIANTON-6709-scaled.jpg&#8221; background_position=&#8221;bottom_center&#8221; global_colors_info=&#8221;{}&#8221;][et_pb_row _builder_version=&#8221;4.16&#8243; _module_preset=&#8221;default&#8221; background_color=&#8221;#f5f6f8&#8243; global_colors_info=&#8221;{}&#8221;][et_pb_column type=&#8221;4_4&#8243; _builder_version=&#8221;4.16&#8243; _module_preset=&#8221;default&#8221; global_colors_info=&#8221;{}&#8221;][et_pb_text _builder_version=&#8221;4.16&#8243; _module_preset=&#8221;default&#8221; global_colors_info=&#8221;{}&#8221;]<\/p>\n<h3 style=\"text-align: center;\"><span style=\"font-size: x-large;\">Hef\u00f0bundin smur\u00fej\u00f3nusta b\u00fd\u00f0ur upp \u00e1 eftirfarandi:<\/span><\/h3>\n<p style=\"text-align: center;\"><span>Skipt um ol\u00edu \u00e1 v\u00e9l<\/span><\/p>\n<p style=\"text-align: center;\"><span>Skipt um ol\u00edus\u00edu<\/span><\/p>\n<p style=\"text-align: center;\"><span>Lofts\u00eda er sko\u00f0u\u00f0 og skipt um hana ef \u00fe\u00f6rf er \u00e1<\/span><\/p>\n<p style=\"text-align: center;\"><span>Smurt \u00ed koppa<\/span><\/p>\n<p style=\"text-align: center;\"><span>Fyllt \u00e1 r\u00fa\u00f0uv\u00f6kva<\/span><\/p>\n<p style=\"text-align: center;\"><span>Perur eru sko\u00f0a\u00f0ar og skipt um \u00fe\u00e6r ef \u00fe\u00f6rf er \u00e1<\/span><\/p>\n<p>[\/et_pb_text][\/et_pb_column][\/et_pb_row][\/et_pb_section][et_pb_section fb_built=&#8221;1&#8243; fullwidth=&#8221;on&#8221; _builder_version=&#8221;4.16&#8243; _module_preset=&#8221;default&#8221; global_colors_info=&#8221;{}&#8221;][et_pb_fullwidth_header title=&#8221;Ver\u00f0 \u00e1 vinnu vi\u00f0 smur\u00fej\u00f3nustu &#8221; subhead=&#8221;Athuga a\u00f0 efniskostna\u00f0ur er ekki innifalinn. &#8221; module_id=&#8221;verd&#8221; _builder_version=&#8221;4.16&#8243; _module_preset=&#8221;default&#8221; title_text_color=&#8221;#041e42&#8243; subhead_text_color=&#8221;#e06100&#8243; subhead_font_size=&#8221;21px&#8221; background_color=&#8221;#f5f6f8&#8243; global_colors_info=&#8221;{}&#8221;]<\/p>\n<p>&nbsp;<\/p>\n<p style=\"text-align: center;\"><span style=\"font-size: x-large;\">F\u00f3lksb\u00edlar 7.990 kr.<\/span><\/p>\n<p style=\"text-align: center;\"><span style=\"font-size: x-large;\">Jepplingar 9.990 kr.<\/span><\/p>\n<p style=\"text-align: center;\"><span style=\"font-size: x-large;\">Jeppar 10.990 kr.<\/span><\/p>\n<p>[\/et_pb_fullwidth_header][\/et_pb_section][et_pb_section fb_built=&#8221;1&#8243; fullwidth=&#8221;on&#8221; admin_label=&#8221;Contact form&#8221; _builder_version=&#8221;4.16&#8243; _module_preset=&#8221;default&#8221; max_width=&#8221;900px&#8221; module_alignment=&#8221;center&#8221; custom_padding=&#8221;120px||120px||false|false&#8221; collapsed=&#8221;on&#8221; global_colors_info=&#8221;{}&#8221;][et_pb_fullwidth_code admin_label=&#8221;Contact form Code&#8221; _builder_version=&#8221;4.16&#8243; _module_preset=&#8221;default&#8221; global_colors_info=&#8221;{}&#8221;]<section class=\"sending-form\">\n    <h1 id=\"h1Sending\">Sendu okkur l\u00ednu<\/h1>\n    <p id=\"pSending\"><\/p>\n      <form id=\"mailtoform\">\n        <input class=\"text-field half\" name=\"simi\" id=\"simi\" type=\"text\" placeholder=\"S\u00edman\u00famer\" required\/>\n        <input class=\"text-field half\" name=\"nafn\" id=\"nafn\" type=\"text\" placeholder=\"Fullt Nafn\" required\/>\n        <input class=\"text-field half\" name=\"email\" id=\"email\" type=\"email\" placeholder=\"Email\" required\/>\n        <textarea placeholder=\"Fyrirspurn\" name=\"fyrirspurn\" id=\"fyrirspurn\"><\/textarea>\n        <button class=\"orange-button\">Senda fyrirspurn<\/button>\n      <\/form>\n    <\/section>[\/et_pb_fullwidth_code][\/et_pb_section]<\/p>\n","protected":false},"excerpt":{"rendered":"<p>Verkst\u00e6\u00f0i Bar\u00f0anum bj\u00f3\u00f0a upp \u00e1 vanda\u00f0a smur\u00fej\u00f3nustu og v\u00f6rur fr\u00e1 vi\u00f0urkenndum a\u00f0ilum. Vi\u00f0 smyrjum allar tegundir b\u00edla \u00e1 hagst\u00e6\u00f0um ver\u00f0um.Hef\u00f0bundin smur\u00fej\u00f3nusta b\u00fd\u00f0ur upp \u00e1 eftirfarandi: Skipt um ol\u00edu \u00e1 v\u00e9l Skipt um ol\u00edus\u00edu Lofts\u00eda er sko\u00f0u\u00f0 og skipt um hana ef \u00fe\u00f6rf er \u00e1 Smurt \u00ed koppa Fyllt \u00e1 r\u00fa\u00f0uv\u00f6kva Perur eru sko\u00f0a\u00f0ar og skipt [&hellip;]<\/p>\n","protected":false},"author":1,"featured_media":0,"parent":0,"menu_order":0,"comment_status":"closed","ping_status":"closed","template":"","meta":{"_acf_changed":false,"_et_pb_use_builder":"on","_et_pb_old_content":"","_et_gb_content_width":"","footnotes":""},"class_list":["post-478","page","type-page","status-publish","hentry"],"acf":[],"yoast_head":"<!-- This site is optimized with the Yoast SEO plugin v24.7 - https:\/\/yoast.com\/wordpress\/plugins\/seo\/ -->\n<title>Smur\u00fej\u00f3nusta - Bar\u00f0inn<\/title>\n<meta name=\"robots\" content=\"index, follow, max-snippet:-1, max-image-preview:large, max-video-preview:-1\" \/>\n<link rel=\"canonical\" href=\"http:\/\/bardinn.is\/?page_id=478\" \/>\n<meta property=\"og:locale\" content=\"en_US\" \/>\n<meta property=\"og:type\" content=\"article\" \/>\n<meta property=\"og:title\" content=\"Smur\u00fej\u00f3nusta - Bar\u00f0inn\" \/>\n<meta property=\"og:description\" content=\"Verkst\u00e6\u00f0i Bar\u00f0anum bj\u00f3\u00f0a upp \u00e1 vanda\u00f0a smur\u00fej\u00f3nustu og v\u00f6rur fr\u00e1 vi\u00f0urkenndum a\u00f0ilum. Vi\u00f0 smyrjum allar tegundir b\u00edla \u00e1 hagst\u00e6\u00f0um ver\u00f0um.Hef\u00f0bundin smur\u00fej\u00f3nusta b\u00fd\u00f0ur upp \u00e1 eftirfarandi: Skipt um ol\u00edu \u00e1 v\u00e9l Skipt um ol\u00edus\u00edu Lofts\u00eda er sko\u00f0u\u00f0 og skipt um hana ef \u00fe\u00f6rf er \u00e1 Smurt \u00ed koppa Fyllt \u00e1 r\u00fa\u00f0uv\u00f6kva Perur eru sko\u00f0a\u00f0ar og skipt [&hellip;]\" \/>\n<meta property=\"og:url\" content=\"http:\/\/bardinn.is\/?page_id=478\" \/>\n<meta property=\"og:site_name\" content=\"Bar\u00f0inn\" \/>\n<meta property=\"article:modified_time\" content=\"2025-03-18T11:22:14+00:00\" \/>\n<meta name=\"twitter:card\" content=\"summary_large_image\" \/>\n<meta name=\"twitter:label1\" content=\"Est. reading time\" \/>\n\t<meta name=\"twitter:data1\" content=\"2 minutes\" \/>\n<script type=\"application\/ld+json\" class=\"yoast-schema-graph\">{\"@context\":\"https:\/\/schema.org\",\"@graph\":[{\"@type\":\"WebPage\",\"@id\":\"http:\/\/bardinn.is\/?page_id=478\",\"url\":\"http:\/\/bardinn.is\/?page_id=478\",\"name\":\"Smur\u00fej\u00f3nusta - Bar\u00f0inn\",\"isPartOf\":{\"@id\":\"https:\/\/bardinn.is\/#website\"},\"datePublished\":\"2020-09-21T09:49:17+00:00\",\"dateModified\":\"2025-03-18T11:22:14+00:00\",\"breadcrumb\":{\"@id\":\"http:\/\/bardinn.is\/?page_id=478#breadcrumb\"},\"inLanguage\":\"en-US\",\"potentialAction\":[{\"@type\":\"ReadAction\",\"target\":[\"http:\/\/bardinn.is\/?page_id=478\"]}]},{\"@type\":\"BreadcrumbList\",\"@id\":\"http:\/\/bardinn.is\/?page_id=478#breadcrumb\",\"itemListElement\":[{\"@type\":\"ListItem\",\"position\":1,\"name\":\"Home\",\"item\":\"https:\/\/bardinn.is\/\"},{\"@type\":\"ListItem\",\"position\":2,\"name\":\"Smur\u00fej\u00f3nusta\"}]},{\"@type\":\"WebSite\",\"@id\":\"https:\/\/bardinn.is\/#website\",\"url\":\"https:\/\/bardinn.is\/\",\"name\":\"Bar\u00f0inn\",\"description\":\"Meira til skiptanna\",\"potentialAction\":[{\"@type\":\"SearchAction\",\"target\":{\"@type\":\"EntryPoint\",\"urlTemplate\":\"https:\/\/bardinn.is\/?s={search_term_string}\"},\"query-input\":{\"@type\":\"PropertyValueSpecification\",\"valueRequired\":true,\"valueName\":\"search_term_string\"}}],\"inLanguage\":\"en-US\"}]}<\/script>\n<!-- \/ Yoast SEO plugin. -->","yoast_head_json":{"title":"Smur\u00fej\u00f3nusta - Bar\u00f0inn","robots":{"index":"index","follow":"follow","max-snippet":"max-snippet:-1","max-image-preview":"max-image-preview:large","max-video-preview":"max-video-preview:-1"},"canonical":"http:\/\/bardinn.is\/?page_id=478","og_locale":"en_US","og_type":"article","og_title":"Smur\u00fej\u00f3nusta - Bar\u00f0inn","og_description":"Verkst\u00e6\u00f0i Bar\u00f0anum bj\u00f3\u00f0a upp \u00e1 vanda\u00f0a smur\u00fej\u00f3nustu og v\u00f6rur fr\u00e1 vi\u00f0urkenndum a\u00f0ilum. Vi\u00f0 smyrjum allar tegundir b\u00edla \u00e1 hagst\u00e6\u00f0um ver\u00f0um.Hef\u00f0bundin smur\u00fej\u00f3nusta b\u00fd\u00f0ur upp \u00e1 eftirfarandi: Skipt um ol\u00edu \u00e1 v\u00e9l Skipt um ol\u00edus\u00edu Lofts\u00eda er sko\u00f0u\u00f0 og skipt um hana ef \u00fe\u00f6rf er \u00e1 Smurt \u00ed koppa Fyllt \u00e1 r\u00fa\u00f0uv\u00f6kva Perur eru sko\u00f0a\u00f0ar og skipt [&hellip;]","og_url":"http:\/\/bardinn.is\/?page_id=478","og_site_name":"Bar\u00f0inn","article_modified_time":"2025-03-18T11:22:14+00:00","twitter_card":"summary_large_image","twitter_misc":{"Est. reading time":"2 minutes"},"schema":{"@context":"https:\/\/schema.org","@graph":[{"@type":"WebPage","@id":"http:\/\/bardinn.is\/?page_id=478","url":"http:\/\/bardinn.is\/?page_id=478","name":"Smur\u00fej\u00f3nusta - Bar\u00f0inn","isPartOf":{"@id":"https:\/\/bardinn.is\/#website"},"datePublished":"2020-09-21T09:49:17+00:00","dateModified":"2025-03-18T11:22:14+00:00","breadcrumb":{"@id":"http:\/\/bardinn.is\/?page_id=478#breadcrumb"},"inLanguage":"en-US","potentialAction":[{"@type":"ReadAction","target":["http:\/\/bardinn.is\/?page_id=478"]}]},{"@type":"BreadcrumbList","@id":"http:\/\/bardinn.is\/?page_id=478#breadcrumb","itemListElement":[{"@type":"ListItem","position":1,"name":"Home","item":"https:\/\/bardinn.is\/"},{"@type":"ListItem","position":2,"name":"Smur\u00fej\u00f3nusta"}]},{"@type":"WebSite","@id":"https:\/\/bardinn.is\/#website","url":"https:\/\/bardinn.is\/","name":"Bar\u00f0inn","description":"Meira til skiptanna","potentialAction":[{"@type":"SearchAction","target":{"@type":"EntryPoint","urlTemplate":"https:\/\/bardinn.is\/?s={search_term_string}"},"query-input":{"@type":"PropertyValueSpecification","valueRequired":true,"valueName":"search_term_string"}}],"inLanguage":"en-US"}]}},"_links":{"self":[{"href":"http:\/\/bardinn.is\/index.php?rest_route=\/wp\/v2\/pages\/478","targetHints":{"allow":["GET"]}}],"collection":[{"href":"http:\/\/bardinn.is\/index.php?rest_route=\/wp\/v2\/pages"}],"about":[{"href":"http:\/\/bardinn.is\/index.php?rest_route=\/wp\/v2\/types\/page"}],"author":[{"embeddable":true,"href":"http:\/\/bardinn.is\/index.php?rest_route=\/wp\/v2\/users\/1"}],"replies":[{"embeddable":true,"href":"http:\/\/bardinn.is\/index.php?rest_route=%2Fwp%2Fv2%2Fcomments&post=478"}],"version-history":[{"count":8,"href":"http:\/\/bardinn.is\/index.php?rest_route=\/wp\/v2\/pages\/478\/revisions"}],"predecessor-version":[{"id":753,"href":"http:\/\/bardinn.is\/index.php?rest_route=\/wp\/v2\/pages\/478\/revisions\/753"}],"wp:attachment":[{"href":"http:\/\/bardinn.is\/index.php?rest_route=%2Fwp%2Fv2%2Fmedia&parent=478"}],"curies":[{"name":"wp","href":"https:\/\/api.w.org\/{rel}","templated":true}]}}