{"id":507,"date":"2020-09-21T10:04:19","date_gmt":"2020-09-21T10:04:19","guid":{"rendered":"https:\/\/bardinn.is\/?page_id=507"},"modified":"2022-02-01T08:43:51","modified_gmt":"2022-02-01T08:43:51","slug":"dekkjahotel","status":"publish","type":"page","link":"http:\/\/bardinn.is\/?page_id=507","title":{"rendered":"Dekkjah\u00f3tel"},"content":{"rendered":"<p>[et_pb_section fb_built=&#8221;1&#8243; _builder_version=&#8221;4.6.0&#8243; _module_preset=&#8221;default&#8221; global_colors_info=&#8221;{}&#8221;][et_pb_row _builder_version=&#8221;4.6.1&#8243; _module_preset=&#8221;default&#8221; custom_padding=&#8221;120px||60px||false|false&#8221; animation_style=&#8221;fade&#8221; animation_delay=&#8221;100ms&#8221; global_colors_info=&#8221;{}&#8221;][et_pb_column type=&#8221;4_4&#8243; _builder_version=&#8221;4.6.0&#8243; _module_preset=&#8221;default&#8221; global_colors_info=&#8221;{}&#8221;][et_pb_text _builder_version=&#8221;4.6.1&#8243; _module_preset=&#8221;default&#8221; global_colors_info=&#8221;{}&#8221;]<\/p>\n<h1>Dekkjah\u00f3tel<\/h1>\n<p><span style=\"font-weight: 400;\">Hj\u00e1 Bar\u00f0anum getur \u00fe\u00fa geymt dekkin \u00fe\u00edn fyrir sanngjarnt ver\u00f0 og spara\u00f0 \u00feannig geymslupl\u00e1ss, \u00fe\u00fa sparar \u00fe\u00e9r einnig \u00fe\u00e1 fyrirh\u00f6fn a\u00f0 \u00feurfa a\u00f0 me\u00f0h\u00f6ndla dekkin sem bera \u00f3hreinindi.<\/span><\/p>\n<p><span style=\"font-weight: 400;\">Vi\u00f0 bj\u00f3\u00f0um upp \u00e1 afgrei\u00f0slu samd\u00e6gurs \u00fear sem dekkin eru \u00f6ll geymd \u00e1 verkst\u00e6\u00f0um okkar, \u00fear af lei\u00f0andi m\u00e6tir \u00fe\u00fa \u00feegar \u00fe\u00e9r dettur \u00ed hug a\u00f0 s\u00e6kja dekkin og f\u00e1 \u00feau undir b\u00edlinn hj\u00e1 \u00fe\u00e9r.<\/span><\/p>\n<p><span style=\"font-weight: 400;\">\u00deegar \u00fe\u00fa afhendir dekkin f\u00e6r\u00f0u mi\u00f0a merktan me\u00f0 \u00fe\u00ednu n\u00fameri sem dekkin eru svo merkt me\u00f0. \u00cd kringum \u00feessa \u00fej\u00f3nustu h\u00f6fum vi\u00f0 hanna\u00f0 fullkomi\u00f0 skr\u00e1ningarkerfi sem heldur utan um dekkin \u00fe\u00edn \u00e1 milli dekkjaskipta.<\/span><\/p>\n<p>[\/et_pb_text][\/et_pb_column][\/et_pb_row][\/et_pb_section][et_pb_section fb_built=&#8221;1&#8243; fullwidth=&#8221;on&#8221; _builder_version=&#8221;4.6.4&#8243; _module_preset=&#8221;default&#8221; global_colors_info=&#8221;{}&#8221;][et_pb_fullwidth_code _builder_version=&#8221;4.6.4&#8243; _module_preset=&#8221;default&#8221; global_colors_info=&#8221;{}&#8221;]<div id=\"leitarvelReactRender\"><h1>asdasd<\/h1><\/div>[\/et_pb_fullwidth_code][\/et_pb_section][et_pb_section fb_built=&#8221;1&#8243; fullwidth=&#8221;on&#8221; _builder_version=&#8221;4.6.4&#8243; _module_preset=&#8221;default&#8221; max_width=&#8221;900px&#8221; module_alignment=&#8221;center&#8221; custom_padding=&#8221;120px||120px||false|false&#8221; global_colors_info=&#8221;{}&#8221;][et_pb_fullwidth_code _builder_version=&#8221;4.6.4&#8243; _module_preset=&#8221;default&#8221; global_colors_info=&#8221;{}&#8221;]<section class=\"sending-form\">\n    <h1 id=\"h1Sending\">Sendu okkur l\u00ednu<\/h1>\n    <p id=\"pSending\"><\/p>\n      <form id=\"mailtoform\">\n        <input class=\"text-field half\" name=\"simi\" id=\"simi\" type=\"text\" placeholder=\"S\u00edman\u00famer\" required\/>\n        <input class=\"text-field half\" name=\"nafn\" id=\"nafn\" type=\"text\" placeholder=\"Fullt Nafn\" required\/>\n        <input class=\"text-field half\" name=\"email\" id=\"email\" type=\"email\" placeholder=\"Email\" required\/>\n        <textarea placeholder=\"Fyrirspurn\" name=\"fyrirspurn\" id=\"fyrirspurn\"><\/textarea>\n        <button class=\"orange-button\">Senda fyrirspurn<\/button>\n      <\/form>\n    <\/section>[\/et_pb_fullwidth_code][\/et_pb_section]<\/p>\n","protected":false},"excerpt":{"rendered":"<p>Dekkjah\u00f3tel Hj\u00e1 Bar\u00f0anum getur \u00fe\u00fa geymt dekkin \u00fe\u00edn fyrir sanngjarnt ver\u00f0 og spara\u00f0 \u00feannig geymslupl\u00e1ss, \u00fe\u00fa sparar \u00fe\u00e9r einnig \u00fe\u00e1 fyrirh\u00f6fn a\u00f0 \u00feurfa a\u00f0 me\u00f0h\u00f6ndla dekkin sem bera \u00f3hreinindi. Vi\u00f0 bj\u00f3\u00f0um upp \u00e1 afgrei\u00f0slu samd\u00e6gurs \u00fear sem dekkin eru \u00f6ll geymd \u00e1 verkst\u00e6\u00f0um okkar, \u00fear af lei\u00f0andi m\u00e6tir \u00fe\u00fa \u00feegar \u00fe\u00e9r dettur \u00ed hug a\u00f0 [&hellip;]<\/p>\n","protected":false},"author":1,"featured_media":0,"parent":0,"menu_order":0,"comment_status":"closed","ping_status":"closed","template":"","meta":{"_acf_changed":false,"_et_pb_use_builder":"on","_et_pb_old_content":"","_et_gb_content_width":"","footnotes":""},"class_list":["post-507","page","type-page","status-publish","hentry"],"acf":[],"yoast_head":"<!-- This site is optimized with the Yoast SEO plugin v24.7 - https:\/\/yoast.com\/wordpress\/plugins\/seo\/ -->\n<title>Dekkjah\u00f3tel - Bar\u00f0inn<\/title>\n<meta name=\"robots\" content=\"index, follow, max-snippet:-1, max-image-preview:large, max-video-preview:-1\" \/>\n<link rel=\"canonical\" href=\"https:\/\/bardinn.is\/?page_id=507\" \/>\n<meta property=\"og:locale\" content=\"en_US\" \/>\n<meta property=\"og:type\" content=\"article\" \/>\n<meta property=\"og:title\" content=\"Dekkjah\u00f3tel - Bar\u00f0inn\" \/>\n<meta property=\"og:description\" content=\"Dekkjah\u00f3tel Hj\u00e1 Bar\u00f0anum getur \u00fe\u00fa geymt dekkin \u00fe\u00edn fyrir sanngjarnt ver\u00f0 og spara\u00f0 \u00feannig geymslupl\u00e1ss, \u00fe\u00fa sparar \u00fe\u00e9r einnig \u00fe\u00e1 fyrirh\u00f6fn a\u00f0 \u00feurfa a\u00f0 me\u00f0h\u00f6ndla dekkin sem bera \u00f3hreinindi. Vi\u00f0 bj\u00f3\u00f0um upp \u00e1 afgrei\u00f0slu samd\u00e6gurs \u00fear sem dekkin eru \u00f6ll geymd \u00e1 verkst\u00e6\u00f0um okkar, \u00fear af lei\u00f0andi m\u00e6tir \u00fe\u00fa \u00feegar \u00fe\u00e9r dettur \u00ed hug a\u00f0 [&hellip;]\" \/>\n<meta property=\"og:url\" content=\"https:\/\/bardinn.is\/?page_id=507\" \/>\n<meta property=\"og:site_name\" content=\"Bar\u00f0inn\" \/>\n<meta property=\"article:modified_time\" content=\"2022-02-01T08:43:51+00:00\" \/>\n<meta name=\"twitter:card\" content=\"summary_large_image\" \/>\n<meta name=\"twitter:label1\" content=\"Est. reading time\" \/>\n\t<meta name=\"twitter:data1\" content=\"1 minute\" \/>\n<script type=\"application\/ld+json\" class=\"yoast-schema-graph\">{\"@context\":\"https:\/\/schema.org\",\"@graph\":[{\"@type\":\"WebPage\",\"@id\":\"https:\/\/bardinn.is\/?page_id=507\",\"url\":\"https:\/\/bardinn.is\/?page_id=507\",\"name\":\"Dekkjah\u00f3tel - Bar\u00f0inn\",\"isPartOf\":{\"@id\":\"https:\/\/bardinn.is\/#website\"},\"datePublished\":\"2020-09-21T10:04:19+00:00\",\"dateModified\":\"2022-02-01T08:43:51+00:00\",\"breadcrumb\":{\"@id\":\"https:\/\/bardinn.is\/?page_id=507#breadcrumb\"},\"inLanguage\":\"en-US\",\"potentialAction\":[{\"@type\":\"ReadAction\",\"target\":[\"https:\/\/bardinn.is\/?page_id=507\"]}]},{\"@type\":\"BreadcrumbList\",\"@id\":\"https:\/\/bardinn.is\/?page_id=507#breadcrumb\",\"itemListElement\":[{\"@type\":\"ListItem\",\"position\":1,\"name\":\"Home\",\"item\":\"https:\/\/bardinn.is\/\"},{\"@type\":\"ListItem\",\"position\":2,\"name\":\"Dekkjah\u00f3tel\"}]},{\"@type\":\"WebSite\",\"@id\":\"https:\/\/bardinn.is\/#website\",\"url\":\"https:\/\/bardinn.is\/\",\"name\":\"Bar\u00f0inn\",\"description\":\"Meira til skiptanna\",\"potentialAction\":[{\"@type\":\"SearchAction\",\"target\":{\"@type\":\"EntryPoint\",\"urlTemplate\":\"https:\/\/bardinn.is\/?s={search_term_string}\"},\"query-input\":{\"@type\":\"PropertyValueSpecification\",\"valueRequired\":true,\"valueName\":\"search_term_string\"}}],\"inLanguage\":\"en-US\"}]}<\/script>\n<!-- \/ Yoast SEO plugin. -->","yoast_head_json":{"title":"Dekkjah\u00f3tel - Bar\u00f0inn","robots":{"index":"index","follow":"follow","max-snippet":"max-snippet:-1","max-image-preview":"max-image-preview:large","max-video-preview":"max-video-preview:-1"},"canonical":"https:\/\/bardinn.is\/?page_id=507","og_locale":"en_US","og_type":"article","og_title":"Dekkjah\u00f3tel - Bar\u00f0inn","og_description":"Dekkjah\u00f3tel Hj\u00e1 Bar\u00f0anum getur \u00fe\u00fa geymt dekkin \u00fe\u00edn fyrir sanngjarnt ver\u00f0 og spara\u00f0 \u00feannig geymslupl\u00e1ss, \u00fe\u00fa sparar \u00fe\u00e9r einnig \u00fe\u00e1 fyrirh\u00f6fn a\u00f0 \u00feurfa a\u00f0 me\u00f0h\u00f6ndla dekkin sem bera \u00f3hreinindi. Vi\u00f0 bj\u00f3\u00f0um upp \u00e1 afgrei\u00f0slu samd\u00e6gurs \u00fear sem dekkin eru \u00f6ll geymd \u00e1 verkst\u00e6\u00f0um okkar, \u00fear af lei\u00f0andi m\u00e6tir \u00fe\u00fa \u00feegar \u00fe\u00e9r dettur \u00ed hug a\u00f0 [&hellip;]","og_url":"https:\/\/bardinn.is\/?page_id=507","og_site_name":"Bar\u00f0inn","article_modified_time":"2022-02-01T08:43:51+00:00","twitter_card":"summary_large_image","twitter_misc":{"Est. reading time":"1 minute"},"schema":{"@context":"https:\/\/schema.org","@graph":[{"@type":"WebPage","@id":"https:\/\/bardinn.is\/?page_id=507","url":"https:\/\/bardinn.is\/?page_id=507","name":"Dekkjah\u00f3tel - Bar\u00f0inn","isPartOf":{"@id":"https:\/\/bardinn.is\/#website"},"datePublished":"2020-09-21T10:04:19+00:00","dateModified":"2022-02-01T08:43:51+00:00","breadcrumb":{"@id":"https:\/\/bardinn.is\/?page_id=507#breadcrumb"},"inLanguage":"en-US","potentialAction":[{"@type":"ReadAction","target":["https:\/\/bardinn.is\/?page_id=507"]}]},{"@type":"BreadcrumbList","@id":"https:\/\/bardinn.is\/?page_id=507#breadcrumb","itemListElement":[{"@type":"ListItem","position":1,"name":"Home","item":"https:\/\/bardinn.is\/"},{"@type":"ListItem","position":2,"name":"Dekkjah\u00f3tel"}]},{"@type":"WebSite","@id":"https:\/\/bardinn.is\/#website","url":"https:\/\/bardinn.is\/","name":"Bar\u00f0inn","description":"Meira til skiptanna","potentialAction":[{"@type":"SearchAction","target":{"@type":"EntryPoint","urlTemplate":"https:\/\/bardinn.is\/?s={search_term_string}"},"query-input":{"@type":"PropertyValueSpecification","valueRequired":true,"valueName":"search_term_string"}}],"inLanguage":"en-US"}]}},"_links":{"self":[{"href":"http:\/\/bardinn.is\/index.php?rest_route=\/wp\/v2\/pages\/507","targetHints":{"allow":["GET"]}}],"collection":[{"href":"http:\/\/bardinn.is\/index.php?rest_route=\/wp\/v2\/pages"}],"about":[{"href":"http:\/\/bardinn.is\/index.php?rest_route=\/wp\/v2\/types\/page"}],"author":[{"embeddable":true,"href":"http:\/\/bardinn.is\/index.php?rest_route=\/wp\/v2\/users\/1"}],"replies":[{"embeddable":true,"href":"http:\/\/bardinn.is\/index.php?rest_route=%2Fwp%2Fv2%2Fcomments&post=507"}],"version-history":[{"count":5,"href":"http:\/\/bardinn.is\/index.php?rest_route=\/wp\/v2\/pages\/507\/revisions"}],"predecessor-version":[{"id":696,"href":"http:\/\/bardinn.is\/index.php?rest_route=\/wp\/v2\/pages\/507\/revisions\/696"}],"wp:attachment":[{"href":"http:\/\/bardinn.is\/index.php?rest_route=%2Fwp%2Fv2%2Fmedia&parent=507"}],"curies":[{"name":"wp","href":"https:\/\/api.w.org\/{rel}","templated":true}]}}