{"id":396,"date":"2020-09-02T15:41:04","date_gmt":"2020-09-02T15:41:04","guid":{"rendered":"https:\/\/bardinn.is\/?page_id=396"},"modified":"2026-04-10T09:47:00","modified_gmt":"2026-04-10T09:47:00","slug":"dekk","status":"publish","type":"page","link":"https:\/\/bardinn.is\/?page_id=396","title":{"rendered":"Dekk"},"content":{"rendered":"<p>[et_pb_section fb_built=&#8221;1&#8243; fullwidth=&#8221;on&#8221; _builder_version=&#8221;4.16&#8243; _module_preset=&#8221;default&#8221; global_colors_info=&#8221;{}&#8221;][et_pb_fullwidth_header title=&#8221;Dekkja\u00fej\u00f3nusta&#8221; button_one_text=&#8221;Ver\u00f0skr\u00e1&#8221; button_one_url=&#8221;https:\/\/bardinn.is\/\/dekk#verdskra&#8221; _builder_version=&#8221;4.16&#8243; _module_preset=&#8221;default&#8221; title_text_color=&#8221;#041e42&#8243; content_text_color=&#8221;#041e42&#8243; background_color=&#8221;#d6d6d6&#8243; background_image=&#8221;https:\/\/bardinn.is\/wp-content\/uploads\/2020\/08\/S1IbgRCcg-2.jpg&#8221; background_blend=&#8221;soft-light&#8221; custom_button_one=&#8221;on&#8221; button_one_text_color=&#8221;#f5f6f8&#8243; button_one_bg_color=&#8221;#d22329&#8243; button_one_border_color=&#8221;RGBA(255,255,255,0)&#8221; custom_margin=&#8221;||1px|||&#8221; custom_padding=&#8221;172px|||||&#8221; global_colors_info=&#8221;{}&#8221;]<\/p>\n<p><span style=\"color: #041e42;\">Bar\u00f0inn b\u00fd\u00f0ur upp \u00e1 fyrsta flokks dekkja\u00fej\u00f3nustu me\u00f0 fullkomnum t\u00e6kjab\u00fana\u00f0i.\u00a0<\/span><\/p>\n<p>[\/et_pb_fullwidth_header][\/et_pb_section][et_pb_section fb_built=&#8221;1&#8243; _builder_version=&#8221;4.16&#8243; _module_preset=&#8221;default&#8221; global_colors_info=&#8221;{}&#8221;][et_pb_row _builder_version=&#8221;4.16&#8243; _module_preset=&#8221;default&#8221; global_colors_info=&#8221;{}&#8221;][et_pb_column type=&#8221;4_4&#8243; _builder_version=&#8221;4.16&#8243; _module_preset=&#8221;default&#8221; global_colors_info=&#8221;{}&#8221;][et_pb_text _builder_version=&#8221;4.16&#8243; _module_preset=&#8221;default&#8221; global_colors_info=&#8221;{}&#8221;]<\/p>\n<h1>Dekk<\/h1>\n<p><span>Bar\u00f0inn b\u00fd\u00f0ur upp\u00e1 miki\u00f0 \u00farval af fr\u00e1b\u00e6rum dekkjum \u00e1 mj\u00f6g hagst\u00e6\u00f0um ver\u00f0um sem standast g\u00e6\u00f0akr\u00f6fur okkar \u00edslendinga, \u00fear m\u00e1 helst nefna heims\u00feekkta framlei\u00f0endur eins og Hankook, Goodyear, Nexen og Sava.<\/span><\/p>\n<p><span>Einnig bj\u00f3\u00f0um vi\u00f0 upp\u00e1 \u00f3dyrari valkosti sem henta vel, oft er h\u00e6gt a\u00f0 gera mj\u00f6g g\u00f3\u00f0 kaup \u00ed \u00f3d\u00fdrari dekkjum, \u00fear koma framlei\u00f0endur eins og Roadstone, Viatti og Landsail sem hafa veri\u00f0 \u00ed gr\u00ed\u00f0arlegum framf\u00f6rum s\u00ed\u00f0ustu \u00e1r.<\/span><\/p>\n<p><span><\/span><\/p>\n<p style=\"text-align: left;\"><span>Endilega k\u00edki\u00f0 \u00e1 <\/span><a href=\"\/dekkjaverdskra\/\"><span>ver\u00f0skr\u00e1<\/span><\/a><span> dekkja og fl\u00e9tti\u00f0 upp ykkar st\u00e6r\u00f0um, \u00fear m\u00e1 finna ver\u00f0 og myndir af okkar dekkjum, ef \u00fe\u00fa finnur ekki \u00fea\u00f0 sem \u00fe\u00fa ert a\u00f0 leita af endilega haf\u00f0u samband vi\u00f0 s\u00f6lumenn \u00ed s\u00edma 544-5000.<\/span><\/p>\n<p>[\/et_pb_text][\/et_pb_column][\/et_pb_row][\/et_pb_section][et_pb_section fb_built=&#8221;1&#8243; _builder_version=&#8221;4.16&#8243; _module_preset=&#8221;default&#8221; global_colors_info=&#8221;{}&#8221;][et_pb_row _builder_version=&#8221;4.16&#8243; _module_preset=&#8221;default&#8221; global_colors_info=&#8221;{}&#8221;][et_pb_column type=&#8221;4_4&#8243; _builder_version=&#8221;4.16&#8243; _module_preset=&#8221;default&#8221; global_colors_info=&#8221;{}&#8221;][et_pb_text module_id=&#8221;dekkjahotel&#8221; _builder_version=&#8221;4.16&#8243; _module_preset=&#8221;default&#8221; global_colors_info=&#8221;{}&#8221;]<\/p>\n<h1>Dekkjah\u00f3tel<\/h1>\n<p><span>Hj\u00e1 Bar\u00f0anum getur \u00fe\u00fa geymt dekkin \u00fe\u00edn fyrir sanngjarnt ver\u00f0 og spara\u00f0 \u00feannig geymslupl\u00e1ss, \u00fe\u00fa sparar \u00fe\u00e9r einnig \u00fe\u00e1 fyrirh\u00f6fn a\u00f0 \u00feurfa a\u00f0 me\u00f0h\u00f6ndla dekkin sem bera \u00f3hreinindi.<\/span><\/p>\n<p><span>Vi\u00f0 bj\u00f3\u00f0um upp \u00e1 afgrei\u00f0slu samd\u00e6gurs \u00fear sem dekkin eru \u00f6ll geymd \u00e1 verkst\u00e6\u00f0um okkar, \u00fear af lei\u00f0andi m\u00e6tir \u00fe\u00fa \u00feegar \u00fe\u00e9r dettur \u00ed hug a\u00f0 s\u00e6kja dekkin og f\u00e1 \u00feau undir b\u00edlinn hj\u00e1 \u00fe\u00e9r.<\/span><\/p>\n<p><span>\u00deegar \u00fe\u00fa afhendir dekkin f\u00e6r\u00f0u mi\u00f0a merktan me\u00f0 \u00fe\u00ednu n\u00fameri sem dekkin eru svo merkt me\u00f0. \u00cd kringum \u00feessa \u00fej\u00f3nustu h\u00f6fum vi\u00f0 hanna\u00f0 fullkomi\u00f0 skr\u00e1ningarkerfi sem heldur utan um dekkin \u00fe\u00edn \u00e1 milli dekkjaskipta.<\/span><\/p>\n<p>[\/et_pb_text][\/et_pb_column][\/et_pb_row][\/et_pb_section][et_pb_section fb_built=&#8221;1&#8243; _builder_version=&#8221;4.16&#8243; _module_preset=&#8221;default&#8221; background_color=&#8221;#d22329&#8243; global_colors_info=&#8221;{}&#8221;][et_pb_row _builder_version=&#8221;4.16&#8243; _module_preset=&#8221;default&#8221; global_colors_info=&#8221;{}&#8221;][et_pb_column type=&#8221;4_4&#8243; _builder_version=&#8221;4.16&#8243; _module_preset=&#8221;default&#8221; global_colors_info=&#8221;{}&#8221;][et_pb_text _builder_version=&#8221;4.22.2&#8243; _module_preset=&#8221;default&#8221; background_color=&#8221;#f5f6f8&#8243; global_colors_info=&#8221;{}&#8221;]<\/p>\n<h1 style=\"text-align: center;\">Ver\u00f0<\/h1>\n<p>&nbsp;<\/p>\n<p style=\"text-align: center;\"><span>Alskipting 13-16\u201d 15.500 kr.<\/span><\/p>\n<p style=\"text-align: center;\"><span>Alskipting 17-18\u201d 17.500 kr.<\/span><\/p>\n<p style=\"text-align: center;\"><span>Alskipting 19\u201d 23.900 kr.<\/span><\/p>\n<p style=\"text-align: center;\"><span>Alskipting 30-32\u201d 23.900 kr.<\/span><\/p>\n<p style=\"text-align: center;\"><span>Alskipting 33-35\u201d 26.900 kr.<\/span><\/p>\n<p style=\"text-align: center;\"><span>Alskipting Jepplingur 19.900 kr.<\/span><\/p>\n<p style=\"text-align: center;\"><span>Alskipting Jepplingur 18\u201d 20.900 kr.\u00a0<\/span><\/p>\n<p style=\"text-align: center;\"><span>Alskipting Sendib\u00edlar millist\u00f3rir 22.900 kr.<\/span><\/p>\n<p style=\"text-align: center;\"><span>Alskipting Master 18-22\u201d 27.900 kr.<\/span><\/p>\n<p>[\/et_pb_text][\/et_pb_column][\/et_pb_row][\/et_pb_section][et_pb_section fb_built=&#8221;1&#8243; fullwidth=&#8221;on&#8221; _builder_version=&#8221;4.16&#8243; _module_preset=&#8221;default&#8221; global_colors_info=&#8221;{}&#8221;][et_pb_fullwidth_image src=&#8221;https:\/\/bardinn.is\/wp-content\/uploads\/2022\/02\/Hjo\u2560ulastilling-2.jpg&#8221; title_text=&#8221;Hjo\u2560\u00fclastilling 2&#8243; _builder_version=&#8221;4.16&#8243; _module_preset=&#8221;default&#8221; global_colors_info=&#8221;{}&#8221;][\/et_pb_fullwidth_image][\/et_pb_section][et_pb_section fb_built=&#8221;1&#8243; fullwidth=&#8221;on&#8221; module_id=&#8221;verdskra&#8221; _builder_version=&#8221;4.22.2&#8243; _module_preset=&#8221;default&#8221; max_width=&#8221;1200px&#8221; module_alignment=&#8221;center&#8221; custom_padding=&#8221;40px||40px||false|false&#8221; global_colors_info=&#8221;{}&#8221;][et_pb_fullwidth_code _builder_version=&#8221;4.16&#8243; _module_preset=&#8221;default&#8221; global_colors_info=&#8221;{}&#8221;]<div id=\"leitarvelReactRender\"><h1>asdasd<\/h1><\/div>[\/et_pb_fullwidth_code][\/et_pb_section][et_pb_section fb_built=&#8221;1&#8243; fullwidth=&#8221;on&#8221; _builder_version=&#8221;4.16&#8243; _module_preset=&#8221;default&#8221; max_width=&#8221;900px&#8221; module_alignment=&#8221;center&#8221; custom_padding=&#8221;120px||120px||false|false&#8221; global_colors_info=&#8221;{}&#8221;][et_pb_fullwidth_code _builder_version=&#8221;4.16&#8243; _module_preset=&#8221;default&#8221; global_colors_info=&#8221;{}&#8221;]<section class=\"sending-form\">\n    <h1 id=\"h1Sending\">Sendu okkur l\u00ednu<\/h1>\n    <p id=\"pSending\"><\/p>\n      <form id=\"mailtoform\">\n        <input class=\"text-field half\" name=\"simi\" id=\"simi\" type=\"text\" placeholder=\"S\u00edman\u00famer\" required\/>\n        <input class=\"text-field half\" name=\"nafn\" id=\"nafn\" type=\"text\" placeholder=\"Fullt Nafn\" required\/>\n        <input class=\"text-field half\" name=\"email\" id=\"email\" type=\"email\" placeholder=\"Email\" required\/>\n        <textarea placeholder=\"Fyrirspurn\" name=\"fyrirspurn\" id=\"fyrirspurn\"><\/textarea>\n        <button class=\"orange-button\">Senda fyrirspurn<\/button>\n      <\/form>\n    <\/section>[\/et_pb_fullwidth_code][\/et_pb_section]<\/p>\n","protected":false},"excerpt":{"rendered":"<p>Bar\u00f0inn b\u00fd\u00f0ur upp \u00e1 fyrsta flokks dekkja\u00fej\u00f3nustu me\u00f0 fullkomnum t\u00e6kjab\u00fana\u00f0i.\u00a0Dekk Bar\u00f0inn b\u00fd\u00f0ur upp\u00e1 miki\u00f0 \u00farval af fr\u00e1b\u00e6rum dekkjum \u00e1 mj\u00f6g hagst\u00e6\u00f0um ver\u00f0um sem standast g\u00e6\u00f0akr\u00f6fur okkar \u00edslendinga, \u00fear m\u00e1 helst nefna heims\u00feekkta framlei\u00f0endur eins og Hankook, Goodyear, Nexen og Sava. Einnig bj\u00f3\u00f0um vi\u00f0 upp\u00e1 \u00f3dyrari valkosti sem henta vel, oft er h\u00e6gt a\u00f0 gera mj\u00f6g [&hellip;]<\/p>\n","protected":false},"author":1,"featured_media":0,"parent":0,"menu_order":0,"comment_status":"closed","ping_status":"closed","template":"","meta":{"_acf_changed":false,"_et_pb_use_builder":"on","_et_pb_old_content":"","_et_gb_content_width":"","footnotes":""},"class_list":["post-396","page","type-page","status-publish","hentry"],"acf":[],"yoast_head":"<!-- This site is optimized with the Yoast SEO plugin v24.7 - https:\/\/yoast.com\/wordpress\/plugins\/seo\/ -->\n<title>Dekk - Bar\u00f0inn<\/title>\n<meta name=\"robots\" content=\"index, follow, max-snippet:-1, max-image-preview:large, max-video-preview:-1\" \/>\n<link rel=\"canonical\" href=\"https:\/\/bardinn.is\/?page_id=396\" \/>\n<meta property=\"og:locale\" content=\"en_US\" \/>\n<meta property=\"og:type\" content=\"article\" \/>\n<meta property=\"og:title\" content=\"Dekk - Bar\u00f0inn\" \/>\n<meta property=\"og:description\" content=\"Bar\u00f0inn b\u00fd\u00f0ur upp \u00e1 fyrsta flokks dekkja\u00fej\u00f3nustu me\u00f0 fullkomnum t\u00e6kjab\u00fana\u00f0i.\u00a0Dekk Bar\u00f0inn b\u00fd\u00f0ur upp\u00e1 miki\u00f0 \u00farval af fr\u00e1b\u00e6rum dekkjum \u00e1 mj\u00f6g hagst\u00e6\u00f0um ver\u00f0um sem standast g\u00e6\u00f0akr\u00f6fur okkar \u00edslendinga, \u00fear m\u00e1 helst nefna heims\u00feekkta framlei\u00f0endur eins og Hankook, Goodyear, Nexen og Sava. Einnig bj\u00f3\u00f0um vi\u00f0 upp\u00e1 \u00f3dyrari valkosti sem henta vel, oft er h\u00e6gt a\u00f0 gera mj\u00f6g [&hellip;]\" \/>\n<meta property=\"og:url\" content=\"https:\/\/bardinn.is\/?page_id=396\" \/>\n<meta property=\"og:site_name\" content=\"Bar\u00f0inn\" \/>\n<meta property=\"article:modified_time\" content=\"2026-04-10T09:47:00+00:00\" \/>\n<meta name=\"twitter:card\" content=\"summary_large_image\" \/>\n<meta name=\"twitter:label1\" content=\"Est. reading time\" \/>\n\t<meta name=\"twitter:data1\" content=\"4 minutes\" \/>\n<script type=\"application\/ld+json\" class=\"yoast-schema-graph\">{\"@context\":\"https:\/\/schema.org\",\"@graph\":[{\"@type\":\"WebPage\",\"@id\":\"https:\/\/bardinn.is\/?page_id=396\",\"url\":\"https:\/\/bardinn.is\/?page_id=396\",\"name\":\"Dekk - Bar\u00f0inn\",\"isPartOf\":{\"@id\":\"https:\/\/bardinn.is\/#website\"},\"datePublished\":\"2020-09-02T15:41:04+00:00\",\"dateModified\":\"2026-04-10T09:47:00+00:00\",\"breadcrumb\":{\"@id\":\"https:\/\/bardinn.is\/?page_id=396#breadcrumb\"},\"inLanguage\":\"en-US\",\"potentialAction\":[{\"@type\":\"ReadAction\",\"target\":[\"https:\/\/bardinn.is\/?page_id=396\"]}]},{\"@type\":\"BreadcrumbList\",\"@id\":\"https:\/\/bardinn.is\/?page_id=396#breadcrumb\",\"itemListElement\":[{\"@type\":\"ListItem\",\"position\":1,\"name\":\"Home\",\"item\":\"https:\/\/bardinn.is\/\"},{\"@type\":\"ListItem\",\"position\":2,\"name\":\"Dekk\"}]},{\"@type\":\"WebSite\",\"@id\":\"https:\/\/bardinn.is\/#website\",\"url\":\"https:\/\/bardinn.is\/\",\"name\":\"Bar\u00f0inn\",\"description\":\"Meira til skiptanna\",\"potentialAction\":[{\"@type\":\"SearchAction\",\"target\":{\"@type\":\"EntryPoint\",\"urlTemplate\":\"https:\/\/bardinn.is\/?s={search_term_string}\"},\"query-input\":{\"@type\":\"PropertyValueSpecification\",\"valueRequired\":true,\"valueName\":\"search_term_string\"}}],\"inLanguage\":\"en-US\"}]}<\/script>\n<!-- \/ Yoast SEO plugin. -->","yoast_head_json":{"title":"Dekk - Bar\u00f0inn","robots":{"index":"index","follow":"follow","max-snippet":"max-snippet:-1","max-image-preview":"max-image-preview:large","max-video-preview":"max-video-preview:-1"},"canonical":"https:\/\/bardinn.is\/?page_id=396","og_locale":"en_US","og_type":"article","og_title":"Dekk - Bar\u00f0inn","og_description":"Bar\u00f0inn b\u00fd\u00f0ur upp \u00e1 fyrsta flokks dekkja\u00fej\u00f3nustu me\u00f0 fullkomnum t\u00e6kjab\u00fana\u00f0i.\u00a0Dekk Bar\u00f0inn b\u00fd\u00f0ur upp\u00e1 miki\u00f0 \u00farval af fr\u00e1b\u00e6rum dekkjum \u00e1 mj\u00f6g hagst\u00e6\u00f0um ver\u00f0um sem standast g\u00e6\u00f0akr\u00f6fur okkar \u00edslendinga, \u00fear m\u00e1 helst nefna heims\u00feekkta framlei\u00f0endur eins og Hankook, Goodyear, Nexen og Sava. Einnig bj\u00f3\u00f0um vi\u00f0 upp\u00e1 \u00f3dyrari valkosti sem henta vel, oft er h\u00e6gt a\u00f0 gera mj\u00f6g [&hellip;]","og_url":"https:\/\/bardinn.is\/?page_id=396","og_site_name":"Bar\u00f0inn","article_modified_time":"2026-04-10T09:47:00+00:00","twitter_card":"summary_large_image","twitter_misc":{"Est. reading time":"4 minutes"},"schema":{"@context":"https:\/\/schema.org","@graph":[{"@type":"WebPage","@id":"https:\/\/bardinn.is\/?page_id=396","url":"https:\/\/bardinn.is\/?page_id=396","name":"Dekk - Bar\u00f0inn","isPartOf":{"@id":"https:\/\/bardinn.is\/#website"},"datePublished":"2020-09-02T15:41:04+00:00","dateModified":"2026-04-10T09:47:00+00:00","breadcrumb":{"@id":"https:\/\/bardinn.is\/?page_id=396#breadcrumb"},"inLanguage":"en-US","potentialAction":[{"@type":"ReadAction","target":["https:\/\/bardinn.is\/?page_id=396"]}]},{"@type":"BreadcrumbList","@id":"https:\/\/bardinn.is\/?page_id=396#breadcrumb","itemListElement":[{"@type":"ListItem","position":1,"name":"Home","item":"https:\/\/bardinn.is\/"},{"@type":"ListItem","position":2,"name":"Dekk"}]},{"@type":"WebSite","@id":"https:\/\/bardinn.is\/#website","url":"https:\/\/bardinn.is\/","name":"Bar\u00f0inn","description":"Meira til skiptanna","potentialAction":[{"@type":"SearchAction","target":{"@type":"EntryPoint","urlTemplate":"https:\/\/bardinn.is\/?s={search_term_string}"},"query-input":{"@type":"PropertyValueSpecification","valueRequired":true,"valueName":"search_term_string"}}],"inLanguage":"en-US"}]}},"_links":{"self":[{"href":"https:\/\/bardinn.is\/index.php?rest_route=\/wp\/v2\/pages\/396","targetHints":{"allow":["GET"]}}],"collection":[{"href":"https:\/\/bardinn.is\/index.php?rest_route=\/wp\/v2\/pages"}],"about":[{"href":"https:\/\/bardinn.is\/index.php?rest_route=\/wp\/v2\/types\/page"}],"author":[{"embeddable":true,"href":"https:\/\/bardinn.is\/index.php?rest_route=\/wp\/v2\/users\/1"}],"replies":[{"embeddable":true,"href":"https:\/\/bardinn.is\/index.php?rest_route=%2Fwp%2Fv2%2Fcomments&post=396"}],"version-history":[{"count":13,"href":"https:\/\/bardinn.is\/index.php?rest_route=\/wp\/v2\/pages\/396\/revisions"}],"predecessor-version":[{"id":763,"href":"https:\/\/bardinn.is\/index.php?rest_route=\/wp\/v2\/pages\/396\/revisions\/763"}],"wp:attachment":[{"href":"https:\/\/bardinn.is\/index.php?rest_route=%2Fwp%2Fv2%2Fmedia&parent=396"}],"curies":[{"name":"wp","href":"https:\/\/api.w.org\/{rel}","templated":true}]}}