{"id":496,"date":"2020-09-21T10:01:41","date_gmt":"2020-09-21T10:01:41","guid":{"rendered":"https:\/\/bardinn.is\/?page_id=496"},"modified":"2022-03-18T08:13:15","modified_gmt":"2022-03-18T08:13:15","slug":"mikroskurdur","status":"publish","type":"page","link":"https:\/\/bardinn.is\/?page_id=496","title":{"rendered":"M\u00edkr\u00f3skur\u00f0ur"},"content":{"rendered":"<p>[et_pb_section fb_built=&#8221;1&#8243; _builder_version=&#8221;4.15&#8243; _module_preset=&#8221;default&#8221; custom_padding=&#8221;||40px|||&#8221; global_colors_info=&#8221;{}&#8221;][\/et_pb_section][et_pb_section fb_built=&#8221;1&#8243; fullwidth=&#8221;on&#8221; _builder_version=&#8221;4.15&#8243; _module_preset=&#8221;default&#8221; global_colors_info=&#8221;{}&#8221;][et_pb_fullwidth_header title=&#8221;M\u00edkr\u00f3skur\u00f0ur&#8221; button_one_text=&#8221;Hafa samband&#8221; button_one_url=&#8221;#hafasamband&#8221; _builder_version=&#8221;4.15.0&#8243; _module_preset=&#8221;default&#8221; title_font=&#8221;|800|||||||&#8221; title_text_color=&#8221;#041e42&#8243; background_color=&#8221;#f5f6f8&#8243; custom_button_one=&#8221;on&#8221; button_one_text_color=&#8221;#ffffff&#8221; button_one_bg_color=&#8221;#d22329&#8243; button_one_border_color=&#8221;RGBA(255,255,255,0)&#8221; custom_margin=&#8221;-141px|||||&#8221; custom_padding=&#8221;175px|||||&#8221; hover_enabled=&#8221;0&#8243; global_colors_info=&#8221;{}&#8221; button_one_bg_enable_color=&#8221;on&#8221; sticky_enabled=&#8221;0&#8243;]<\/p>\n<p><span>Bar\u00f0inn b\u00fd\u00f0ur upp \u00e1 m\u00edkr\u00f3skur\u00f0 fyrir \u00f6ll dekk: f\u00f3lksb\u00edladekk, jeppadekk, trukkadekk og lyftaradekk.<\/span><\/p>\n<p><strong>Ver\u00f0 4.900 kr.\u00a0<\/strong><\/p>\n<p><span><\/span><\/p>\n<p><span><\/span><\/p>\n<p>[\/et_pb_fullwidth_header][\/et_pb_section][et_pb_section fb_built=&#8221;1&#8243; _builder_version=&#8221;4.15&#8243; _module_preset=&#8221;default&#8221; background_image=&#8221;https:\/\/bardinn.is\/wp-content\/uploads\/2020\/08\/variety-of-tyres-at-busy-warehouse-D3P2LUR-scaled.jpg&#8221; global_colors_info=&#8221;{}&#8221;][et_pb_row _builder_version=&#8221;4.15&#8243; _module_preset=&#8221;default&#8221; background_color=&#8221;#f5f6f8&#8243; global_colors_info=&#8221;{}&#8221;][et_pb_column type=&#8221;4_4&#8243; _builder_version=&#8221;4.15&#8243; _module_preset=&#8221;default&#8221; global_colors_info=&#8221;{}&#8221;][et_pb_text _builder_version=&#8221;4.15.0&#8243; _module_preset=&#8221;default&#8221; hover_enabled=&#8221;0&#8243; global_colors_info=&#8221;{}&#8221; sticky_enabled=&#8221;0&#8243;]<\/p>\n<p style=\"text-align: center;\"><span>Vi\u00f0 m\u00edkr\u00f3skur\u00f0 \u00fe\u00e1 eru skornar f\u00ednar l\u00ednur \u00fevert yfir dekki\u00f0 til a\u00f0 auka grip og aksturseiginleika \u00ed h\u00e1lku og bleytu. M\u00edkr\u00f3skur\u00f0ur eykur jafnframt endingu \u00e1 dekkjum \u00fear\u00a0sem k\u00e6ling \u00feeirra eykst \u00feegar dekkin eru skorin.<\/span><\/p>\n<p style=\"text-align: center;\"><span><\/span><\/p>\n<p style=\"text-align: center;\"><span style=\"font-size: x-large; color: #d22329;\">Ranns\u00f3knir hafa s\u00fdnt a\u00f0 m\u00edkr\u00f3skur\u00f0ur getur dregi\u00f0 \u00far bremsuvegalengd um 22%. <\/span><\/p>\n<p style=\"text-align: center;\"><span>M\u00edkr\u00f3skur\u00f0ur var fundinn upp \u00e1ri\u00f0 1923 af starfsmanni sl\u00e1turh\u00fass sem var or\u00f0inn \u00fereyttur \u00e1 a\u00f0 detta \u00e1 hausinn \u00ed bleytunni \u00ed sl\u00e1turh\u00fasinu. Hann pr\u00f3fa\u00f0i a\u00f0 m\u00edkr\u00f3skera s\u00f3lana \u00e1 vinnusk\u00f3m s\u00ednum til a\u00f0 vera ekki alltaf \u00e1 hausnum. \u00cd dag eru flest vetrardekk m\u00edkr\u00f3skorin.\u00a0<\/span><\/p>\n<p>[\/et_pb_text][\/et_pb_column][\/et_pb_row][\/et_pb_section][et_pb_section fb_built=&#8221;1&#8243; _builder_version=&#8221;4.15&#8243; _module_preset=&#8221;default&#8221; global_colors_info=&#8221;{}&#8221;][et_pb_row _builder_version=&#8221;4.15&#8243; _module_preset=&#8221;default&#8221; global_colors_info=&#8221;{}&#8221;][et_pb_column type=&#8221;4_4&#8243; _builder_version=&#8221;4.15&#8243; _module_preset=&#8221;default&#8221; global_colors_info=&#8221;{}&#8221;][et_pb_text _builder_version=&#8221;4.15&#8243; _module_preset=&#8221;default&#8221; global_colors_info=&#8221;{}&#8221;]<\/p>\n<h1>Vi\u00f0 m\u00e6lum me\u00f0<\/h1>\n<p>[\/et_pb_text][et_pb_testimonial author=&#8221;Aron Elfar J\u00f3nsson, rekstrarstj\u00f3ri S\u00f3lningar Smi\u00f0juvegi&#8221; portrait_url=&#8221;https:\/\/bardinn.is\/wp-content\/uploads\/2021\/08\/SOLNING-SAHARA-SIGGIANTON-6709-scaled.jpg&#8221; _builder_version=&#8221;4.15&#8243; _module_preset=&#8221;default&#8221; global_colors_info=&#8221;{}&#8221;]<\/p>\n<p><span>Vi\u00f0 m\u00e6lum me\u00f0 a\u00f0 jeppamenn sem fara \u00e1 fj\u00f6ll pr\u00f3fi a\u00f0 l\u00e1ta m\u00edkr\u00f3skera dekkin hj\u00e1 s\u00e9r til a\u00f0 r\u00e1\u00f0a betur vi\u00f0 \u00fe\u00e6r a\u00f0st\u00e6\u00f0ur sem geta m\u00e6tt \u00feeim \u00e1 fj\u00f6llum.<\/span><\/p>\n<p>[\/et_pb_testimonial][et_pb_testimonial author=&#8221;Aron Elfar J\u00f3nsson, rekstrarstj\u00f3ri S\u00f3lningar Smi\u00f0juvegi&#8221; portrait_url=&#8221;https:\/\/bardinn.is\/wp-content\/uploads\/2021\/08\/SOLNING-SAHARA-SIGGIANTON-6709-scaled.jpg&#8221; _builder_version=&#8221;4.15&#8243; _module_preset=&#8221;default&#8221; global_colors_info=&#8221;{}&#8221;]<\/p>\n<p><span>Vi\u00f0 m\u00e6lum l\u00edka me\u00f0 a\u00f0 lyftarakallar sem eru or\u00f0nir \u00fereyttir \u00e1 a\u00f0 sp\u00f3la \u00e1 lyfturunum pr\u00f3fi a\u00f0 m\u00edkr\u00f3skera.<\/span><\/p>\n<p>[\/et_pb_testimonial][\/et_pb_column][\/et_pb_row][\/et_pb_section][et_pb_section fb_built=&#8221;1&#8243; fullwidth=&#8221;on&#8221; module_id=&#8221;hafasamband&#8221; _builder_version=&#8221;4.15&#8243; _module_preset=&#8221;default&#8221; max_width=&#8221;900px&#8221; module_alignment=&#8221;center&#8221; custom_padding=&#8221;120px||120px||false|false&#8221; global_colors_info=&#8221;{}&#8221;][et_pb_fullwidth_code _builder_version=&#8221;4.15&#8243; _module_preset=&#8221;default&#8221; global_colors_info=&#8221;{}&#8221;]<section class=\"sending-form\">\n    <h1 id=\"h1Sending\">Sendu okkur l\u00ednu<\/h1>\n    <p id=\"pSending\"><\/p>\n      <form id=\"mailtoform\">\n        <input class=\"text-field half\" name=\"simi\" id=\"simi\" type=\"text\" placeholder=\"S\u00edman\u00famer\" required\/>\n        <input class=\"text-field half\" name=\"nafn\" id=\"nafn\" type=\"text\" placeholder=\"Fullt Nafn\" required\/>\n        <input class=\"text-field half\" name=\"email\" id=\"email\" type=\"email\" placeholder=\"Email\" required\/>\n        <textarea placeholder=\"Fyrirspurn\" name=\"fyrirspurn\" id=\"fyrirspurn\"><\/textarea>\n        <button class=\"orange-button\">Senda fyrirspurn<\/button>\n      <\/form>\n    <\/section>[\/et_pb_fullwidth_code][\/et_pb_section]<\/p>\n","protected":false},"excerpt":{"rendered":"<p>Bar\u00f0inn b\u00fd\u00f0ur upp \u00e1 m\u00edkr\u00f3skur\u00f0 fyrir \u00f6ll dekk: f\u00f3lksb\u00edladekk, jeppadekk, trukkadekk og lyftaradekk. Ver\u00f0 4.900 kr.\u00a0 Vi\u00f0 m\u00edkr\u00f3skur\u00f0 \u00fe\u00e1 eru skornar f\u00ednar l\u00ednur \u00fevert yfir dekki\u00f0 til a\u00f0 auka grip og aksturseiginleika \u00ed h\u00e1lku og bleytu. M\u00edkr\u00f3skur\u00f0ur eykur jafnframt endingu \u00e1 dekkjum \u00fear\u00a0sem k\u00e6ling \u00feeirra eykst \u00feegar dekkin eru skorin. Ranns\u00f3knir hafa s\u00fdnt a\u00f0 m\u00edkr\u00f3skur\u00f0ur [&hellip;]<\/p>\n","protected":false},"author":1,"featured_media":0,"parent":0,"menu_order":0,"comment_status":"closed","ping_status":"closed","template":"","meta":{"_acf_changed":false,"_et_pb_use_builder":"on","_et_pb_old_content":"","_et_gb_content_width":"","footnotes":""},"class_list":["post-496","page","type-page","status-publish","hentry"],"acf":[],"yoast_head":"<!-- This site is optimized with the Yoast SEO plugin v24.7 - https:\/\/yoast.com\/wordpress\/plugins\/seo\/ -->\n<title>M\u00edkr\u00f3skur\u00f0ur - Bar\u00f0inn<\/title>\n<meta name=\"robots\" content=\"index, follow, max-snippet:-1, max-image-preview:large, max-video-preview:-1\" \/>\n<link rel=\"canonical\" href=\"https:\/\/bardinn.is\/?page_id=496\" \/>\n<meta property=\"og:locale\" content=\"en_US\" \/>\n<meta property=\"og:type\" content=\"article\" \/>\n<meta property=\"og:title\" content=\"M\u00edkr\u00f3skur\u00f0ur - Bar\u00f0inn\" \/>\n<meta property=\"og:description\" content=\"Bar\u00f0inn b\u00fd\u00f0ur upp \u00e1 m\u00edkr\u00f3skur\u00f0 fyrir \u00f6ll dekk: f\u00f3lksb\u00edladekk, jeppadekk, trukkadekk og lyftaradekk. Ver\u00f0 4.900 kr.\u00a0 Vi\u00f0 m\u00edkr\u00f3skur\u00f0 \u00fe\u00e1 eru skornar f\u00ednar l\u00ednur \u00fevert yfir dekki\u00f0 til a\u00f0 auka grip og aksturseiginleika \u00ed h\u00e1lku og bleytu. M\u00edkr\u00f3skur\u00f0ur eykur jafnframt endingu \u00e1 dekkjum \u00fear\u00a0sem k\u00e6ling \u00feeirra eykst \u00feegar dekkin eru skorin. Ranns\u00f3knir hafa s\u00fdnt a\u00f0 m\u00edkr\u00f3skur\u00f0ur [&hellip;]\" \/>\n<meta property=\"og:url\" content=\"https:\/\/bardinn.is\/?page_id=496\" \/>\n<meta property=\"og:site_name\" content=\"Bar\u00f0inn\" \/>\n<meta property=\"article:modified_time\" content=\"2022-03-18T08:13:15+00:00\" \/>\n<meta name=\"twitter:card\" content=\"summary_large_image\" \/>\n<meta name=\"twitter:label1\" content=\"Est. reading time\" \/>\n\t<meta name=\"twitter:data1\" content=\"3 minutes\" \/>\n<script type=\"application\/ld+json\" class=\"yoast-schema-graph\">{\"@context\":\"https:\/\/schema.org\",\"@graph\":[{\"@type\":\"WebPage\",\"@id\":\"https:\/\/bardinn.is\/?page_id=496\",\"url\":\"https:\/\/bardinn.is\/?page_id=496\",\"name\":\"M\u00edkr\u00f3skur\u00f0ur - Bar\u00f0inn\",\"isPartOf\":{\"@id\":\"https:\/\/bardinn.is\/#website\"},\"datePublished\":\"2020-09-21T10:01:41+00:00\",\"dateModified\":\"2022-03-18T08:13:15+00:00\",\"breadcrumb\":{\"@id\":\"https:\/\/bardinn.is\/?page_id=496#breadcrumb\"},\"inLanguage\":\"en-US\",\"potentialAction\":[{\"@type\":\"ReadAction\",\"target\":[\"https:\/\/bardinn.is\/?page_id=496\"]}]},{\"@type\":\"BreadcrumbList\",\"@id\":\"https:\/\/bardinn.is\/?page_id=496#breadcrumb\",\"itemListElement\":[{\"@type\":\"ListItem\",\"position\":1,\"name\":\"Home\",\"item\":\"https:\/\/bardinn.is\/\"},{\"@type\":\"ListItem\",\"position\":2,\"name\":\"M\u00edkr\u00f3skur\u00f0ur\"}]},{\"@type\":\"WebSite\",\"@id\":\"https:\/\/bardinn.is\/#website\",\"url\":\"https:\/\/bardinn.is\/\",\"name\":\"Bar\u00f0inn\",\"description\":\"Meira til skiptanna\",\"potentialAction\":[{\"@type\":\"SearchAction\",\"target\":{\"@type\":\"EntryPoint\",\"urlTemplate\":\"https:\/\/bardinn.is\/?s={search_term_string}\"},\"query-input\":{\"@type\":\"PropertyValueSpecification\",\"valueRequired\":true,\"valueName\":\"search_term_string\"}}],\"inLanguage\":\"en-US\"}]}<\/script>\n<!-- \/ Yoast SEO plugin. -->","yoast_head_json":{"title":"M\u00edkr\u00f3skur\u00f0ur - Bar\u00f0inn","robots":{"index":"index","follow":"follow","max-snippet":"max-snippet:-1","max-image-preview":"max-image-preview:large","max-video-preview":"max-video-preview:-1"},"canonical":"https:\/\/bardinn.is\/?page_id=496","og_locale":"en_US","og_type":"article","og_title":"M\u00edkr\u00f3skur\u00f0ur - Bar\u00f0inn","og_description":"Bar\u00f0inn b\u00fd\u00f0ur upp \u00e1 m\u00edkr\u00f3skur\u00f0 fyrir \u00f6ll dekk: f\u00f3lksb\u00edladekk, jeppadekk, trukkadekk og lyftaradekk. Ver\u00f0 4.900 kr.\u00a0 Vi\u00f0 m\u00edkr\u00f3skur\u00f0 \u00fe\u00e1 eru skornar f\u00ednar l\u00ednur \u00fevert yfir dekki\u00f0 til a\u00f0 auka grip og aksturseiginleika \u00ed h\u00e1lku og bleytu. M\u00edkr\u00f3skur\u00f0ur eykur jafnframt endingu \u00e1 dekkjum \u00fear\u00a0sem k\u00e6ling \u00feeirra eykst \u00feegar dekkin eru skorin. Ranns\u00f3knir hafa s\u00fdnt a\u00f0 m\u00edkr\u00f3skur\u00f0ur [&hellip;]","og_url":"https:\/\/bardinn.is\/?page_id=496","og_site_name":"Bar\u00f0inn","article_modified_time":"2022-03-18T08:13:15+00:00","twitter_card":"summary_large_image","twitter_misc":{"Est. reading time":"3 minutes"},"schema":{"@context":"https:\/\/schema.org","@graph":[{"@type":"WebPage","@id":"https:\/\/bardinn.is\/?page_id=496","url":"https:\/\/bardinn.is\/?page_id=496","name":"M\u00edkr\u00f3skur\u00f0ur - Bar\u00f0inn","isPartOf":{"@id":"https:\/\/bardinn.is\/#website"},"datePublished":"2020-09-21T10:01:41+00:00","dateModified":"2022-03-18T08:13:15+00:00","breadcrumb":{"@id":"https:\/\/bardinn.is\/?page_id=496#breadcrumb"},"inLanguage":"en-US","potentialAction":[{"@type":"ReadAction","target":["https:\/\/bardinn.is\/?page_id=496"]}]},{"@type":"BreadcrumbList","@id":"https:\/\/bardinn.is\/?page_id=496#breadcrumb","itemListElement":[{"@type":"ListItem","position":1,"name":"Home","item":"https:\/\/bardinn.is\/"},{"@type":"ListItem","position":2,"name":"M\u00edkr\u00f3skur\u00f0ur"}]},{"@type":"WebSite","@id":"https:\/\/bardinn.is\/#website","url":"https:\/\/bardinn.is\/","name":"Bar\u00f0inn","description":"Meira til skiptanna","potentialAction":[{"@type":"SearchAction","target":{"@type":"EntryPoint","urlTemplate":"https:\/\/bardinn.is\/?s={search_term_string}"},"query-input":{"@type":"PropertyValueSpecification","valueRequired":true,"valueName":"search_term_string"}}],"inLanguage":"en-US"}]}},"_links":{"self":[{"href":"https:\/\/bardinn.is\/index.php?rest_route=\/wp\/v2\/pages\/496","targetHints":{"allow":["GET"]}}],"collection":[{"href":"https:\/\/bardinn.is\/index.php?rest_route=\/wp\/v2\/pages"}],"about":[{"href":"https:\/\/bardinn.is\/index.php?rest_route=\/wp\/v2\/types\/page"}],"author":[{"embeddable":true,"href":"https:\/\/bardinn.is\/index.php?rest_route=\/wp\/v2\/users\/1"}],"replies":[{"embeddable":true,"href":"https:\/\/bardinn.is\/index.php?rest_route=%2Fwp%2Fv2%2Fcomments&post=496"}],"version-history":[{"count":6,"href":"https:\/\/bardinn.is\/index.php?rest_route=\/wp\/v2\/pages\/496\/revisions"}],"predecessor-version":[{"id":726,"href":"https:\/\/bardinn.is\/index.php?rest_route=\/wp\/v2\/pages\/496\/revisions\/726"}],"wp:attachment":[{"href":"https:\/\/bardinn.is\/index.php?rest_route=%2Fwp%2Fv2%2Fmedia&parent=496"}],"curies":[{"name":"wp","href":"https:\/\/api.w.org\/{rel}","templated":true}]}}